{"id":546,"date":"2021-03-11T22:17:39","date_gmt":"2021-03-12T01:17:39","guid":{"rendered":"https:\/\/studiojardimarciarosa.com.br\/new\/?page_id=546"},"modified":"2023-07-18T18:06:38","modified_gmt":"2023-07-18T21:06:38","slug":"desenhos","status":"publish","type":"page","link":"https:\/\/studiojardimarciarosa.com.br\/index.php\/desenhos\/","title":{"rendered":"Desenhos"},"content":{"rendered":"\t\t<div data-elementor-type=\"wp-page\" data-elementor-id=\"546\" class=\"elementor elementor-546\" data-elementor-post-type=\"page\">\n\t\t\t\t\t\t<section class=\"elementor-section elementor-top-section elementor-element elementor-element-5179a54 elementor-section-content-middle elementor-section-boxed elementor-section-height-default elementor-section-height-default\" data-id=\"5179a54\" data-element_type=\"section\">\n\t\t\t\t\t\t<div class=\"elementor-container elementor-column-gap-no\">\n\t\t\t\t\t<div class=\"elementor-column elementor-col-100 elementor-top-column elementor-element elementor-element-52d851e\" data-id=\"52d851e\" data-element_type=\"column\">\n\t\t\t<div class=\"elementor-widget-wrap elementor-element-populated\">\n\t\t\t\t\t\t<div class=\"elementor-element elementor-element-455fa44 elementor-widget elementor-widget-text-editor\" data-id=\"455fa44\" data-element_type=\"widget\" data-widget_type=\"text-editor.default\">\n\t\t\t\t<div class=\"elementor-widget-container\">\n\t\t\t\t\t\t\t\t\t<div class=\"eg-masonary-wrap eg-wrap eg-column-3 eg-masonary-layout-2 eg-component-lightbox-title-caption\"\n     data-desktop-column=\"3\"\n     data-tablet-column=\"3\"\n     data-mobile-column=\"3\"\n     data-lightbox-type=\"pretty_photo\"\n              data-pretty_photo-theme =\"pp_default\"\n         data-pretty_photo-social =\"false\"\n          data-gallery-id=\"Y7qr6KcUlG\"\n     data-lightbox-status=\"true\"\n          >\n        \r\n\n    <div class=\"eg-masonary-items-wrap\" data-masonary-id=\"Y7qr6KcUlG\">\n        <div class=\"eg-each-item eg-overlay-layout-1 \" data-eg-item-key=\"eg_item_ZxFndllIoyMkyd3\">\n    \n\n            <div class=\"eg-masonary-padding\">\n            <div class=\"eg-overlay-wrapper\" onclick=\"\">\n\n                <a href=\"https:\/\/studiojardimarciarosa.com.br\/wp-content\/uploads\/2021\/03\/Detalhe-Erytrina-speciosa.triptico100x150.Pastel-seco-sobre-papel-preto-Tiziano-160-gramaturajpg-scaled.jpg\"\n                   data-lightbox-type=\"pretty_photo\"\n                   rel=\"prettyPhoto[gallery_6]\"\n                   title=\"\"\n                   data-item-type=\"image\"\n                   data-index=\"1\"\n                   data-total-items=\"7\"\n                   >\n                    <img decoding=\"async\" src=\"https:\/\/studiojardimarciarosa.com.br\/wp-content\/uploads\/2021\/03\/Detalhe-Erytrina-speciosa.triptico100x150.Pastel-seco-sobre-papel-preto-Tiziano-160-gramaturajpg-scaled.jpg\" alt=\"Detalhe-Erytrina speciosa.triptico100x150.Pastel seco sobre papel preto Tiziano 160 gramaturajpg\"\/>\n                <\/a>\n                <div class=\"eg-mask\">\n                    <div class=\"eg-inner-wrapper\">\n                        <div class=\"eg-content-holder\">\r\n            <div class=\"eg-button-holder\">\r\n                            <a href=\"javascript:void(0);\" class=\"eg-zoom\"><i class=\"fa fa-search\" aria-hidden=\"true\"><\/i><\/a>\r\n                                <\/div>\r\n                <span class=\"eg-title eg-main-title\">Detalhe-Erytrina speciosa.triptico100x150.Pastel seco sobre papel preto Tiziano 160 gramaturajpg<\/span>\r\n                <div class=\"eg-caption\">\r\n                            <span class=\"eg-title\" style=\"display:none\">Detalhe-Erytrina speciosa.triptico100x150.Pastel seco sobre papel preto Tiziano 160 gramaturajpg<\/span>\r\n                        \r\n                <p><\/p>\r\n                    <\/div>\r\n        <\/div>                    <\/div>\n                    <span class=\"add\" style=\"display: none\">\n                        <i class=\"fa fa-plus\"><\/i>\n                    <\/span>\n                                            <div class=\"eg-caption-holder\" style=\"display: none\">\n                                                            <span class=\"eg-title\">Detalhe-Erytrina speciosa.triptico100x150.Pastel seco sobre papel preto Tiziano 160 gramaturajpg<\/span>\n                                                                                        <p><\/p>\n                                                    <\/div>\n                                    <\/div>\n                <div class=\"slider-overlay\"><\/div>\n                            <\/div>\n                            <div class=\"eg-slider-caption eg-filmstrip-caption\">\n                                            <span class=\"eg-title\" style=\"display:none\">Detalhe-Erytrina speciosa.triptico100x150.Pastel seco sobre papel preto Tiziano 160 gramaturajpg<\/span>\n                                                <p><\/p>\n                                    <\/div>\n                    <\/div>\n        <!---Blog Layout -->\n<\/div>\n                <div class=\"eg-each-item eg-overlay-layout-1 \" data-eg-item-key=\"eg_item_JyGlwsckmUGdGTY\">\n    \n\n            <div class=\"eg-masonary-padding\">\n            <div class=\"eg-overlay-wrapper\" onclick=\"\">\n\n                <a href=\"https:\/\/studiojardimarciarosa.com.br\/wp-content\/uploads\/2021\/03\/Foto-principal-Triptico353X150cm-Erytrina-speciosa.Erytrina-speciosa.triptico100x150.Pastel-seco-sobre-papel-preto-Tiziano-160-gramaturajpg.jpg\"\n                   data-lightbox-type=\"pretty_photo\"\n                   rel=\"prettyPhoto[gallery_6]\"\n                   title=\"\"\n                   data-item-type=\"image\"\n                   data-index=\"2\"\n                   data-total-items=\"7\"\n                   >\n                    <img decoding=\"async\" src=\"https:\/\/studiojardimarciarosa.com.br\/wp-content\/uploads\/2021\/03\/Foto-principal-Triptico353X150cm-Erytrina-speciosa.Erytrina-speciosa.triptico100x150.Pastel-seco-sobre-papel-preto-Tiziano-160-gramaturajpg.jpg\" alt=\"Foto principal Tr\u00edptico353X150cm Erytrina speciosa.Erytrina speciosa.triptico100x150.Pastel seco sobre papel preto Tiziano 160 gramaturajpg\"\/>\n                <\/a>\n                <div class=\"eg-mask\">\n                    <div class=\"eg-inner-wrapper\">\n                        <div class=\"eg-content-holder\">\r\n            <div class=\"eg-button-holder\">\r\n                            <a href=\"javascript:void(0);\" class=\"eg-zoom\"><i class=\"fa fa-search\" aria-hidden=\"true\"><\/i><\/a>\r\n                                <\/div>\r\n                <span class=\"eg-title eg-main-title\">Foto principal Tr\u00edptico353X150cm Erytrina speciosa.Erytrina speciosa.triptico100x150.Pastel seco sobre papel preto Tiziano 160 gramaturajpg<\/span>\r\n                <div class=\"eg-caption\">\r\n                            <span class=\"eg-title\" style=\"display:none\">Foto principal Tr\u00edptico353X150cm Erytrina speciosa.Erytrina speciosa.triptico100x150.Pastel seco sobre papel preto Tiziano 160 gramaturajpg<\/span>\r\n                        \r\n                <p><\/p>\r\n                    <\/div>\r\n        <\/div>                    <\/div>\n                    <span class=\"add\" style=\"display: none\">\n                        <i class=\"fa fa-plus\"><\/i>\n                    <\/span>\n                                            <div class=\"eg-caption-holder\" style=\"display: none\">\n                                                            <span class=\"eg-title\">Foto principal Tr\u00edptico353X150cm Erytrina speciosa.Erytrina speciosa.triptico100x150.Pastel seco sobre papel preto Tiziano 160 gramaturajpg<\/span>\n                                                                                        <p><\/p>\n                                                    <\/div>\n                                    <\/div>\n                <div class=\"slider-overlay\"><\/div>\n                            <\/div>\n                            <div class=\"eg-slider-caption eg-filmstrip-caption\">\n                                            <span class=\"eg-title\" style=\"display:none\">Foto principal Tr\u00edptico353X150cm Erytrina speciosa.Erytrina speciosa.triptico100x150.Pastel seco sobre papel preto Tiziano 160 gramaturajpg<\/span>\n                                                <p><\/p>\n                                    <\/div>\n                    <\/div>\n        <!---Blog Layout -->\n<\/div>\n                <div class=\"eg-each-item eg-overlay-layout-1 \" data-eg-item-key=\"eg_item_nv53lcWaZvLeZH4\">\n    \n\n            <div class=\"eg-masonary-padding\">\n            <div class=\"eg-overlay-wrapper\" onclick=\"\">\n\n                <a href=\"https:\/\/studiojardimarciarosa.com.br\/wp-content\/uploads\/2021\/03\/Colagem.-Washiepapel-japones-Papel-Canson-Gramatura-800gr-58-cm-X-77cm.-Marcia-Rosajpg-scaled.jpg\"\n                   data-lightbox-type=\"pretty_photo\"\n                   rel=\"prettyPhoto[gallery_6]\"\n                   title=\"\"\n                   data-item-type=\"image\"\n                   data-index=\"3\"\n                   data-total-items=\"7\"\n                   >\n                    <img decoding=\"async\" src=\"https:\/\/studiojardimarciarosa.com.br\/wp-content\/uploads\/2021\/03\/Colagem.-Washiepapel-japones-Papel-Canson-Gramatura-800gr-58-cm-X-77cm.-Marcia-Rosajpg-scaled.jpg\" alt=\"Colagem. Washi\u00ea(papel japon\u00eas) Papel Canson Gramatura 800gr 58 cm X 77cm. Marcia Rosajpg\"\/>\n                <\/a>\n                <div class=\"eg-mask\">\n                    <div class=\"eg-inner-wrapper\">\n                        <div class=\"eg-content-holder\">\r\n            <div class=\"eg-button-holder\">\r\n                            <a href=\"javascript:void(0);\" class=\"eg-zoom\"><i class=\"fa fa-search\" aria-hidden=\"true\"><\/i><\/a>\r\n                                <\/div>\r\n                <span class=\"eg-title eg-main-title\">Colagem. Washi\u00ea(papel japon\u00eas) Papel Canson Gramatura 800gr 58 cm X 77cm. Marcia Rosajpg<\/span>\r\n                <div class=\"eg-caption\">\r\n                            <span class=\"eg-title\" style=\"display:none\">Colagem. Washi\u00ea(papel japon\u00eas) Papel Canson Gramatura 800gr 58 cm X 77cm. Marcia Rosajpg<\/span>\r\n                        \r\n                <p><\/p>\r\n                    <\/div>\r\n        <\/div>                    <\/div>\n                    <span class=\"add\" style=\"display: none\">\n                        <i class=\"fa fa-plus\"><\/i>\n                    <\/span>\n                                            <div class=\"eg-caption-holder\" style=\"display: none\">\n                                                            <span class=\"eg-title\">Colagem. Washi\u00ea(papel japon\u00eas) Papel Canson Gramatura 800gr 58 cm X 77cm. Marcia Rosajpg<\/span>\n                                                                                        <p><\/p>\n                                                    <\/div>\n                                    <\/div>\n                <div class=\"slider-overlay\"><\/div>\n                            <\/div>\n                            <div class=\"eg-slider-caption eg-filmstrip-caption\">\n                                            <span class=\"eg-title\" style=\"display:none\">Colagem. Washi\u00ea(papel japon\u00eas) Papel Canson Gramatura 800gr 58 cm X 77cm. Marcia Rosajpg<\/span>\n                                                <p><\/p>\n                                    <\/div>\n                    <\/div>\n        <!---Blog Layout -->\n<\/div>\n                <div class=\"eg-each-item eg-overlay-layout-1 \" data-eg-item-key=\"eg_item_usmf6vL6vVycqSU\">\n    \n\n            <div class=\"eg-masonary-padding\">\n            <div class=\"eg-overlay-wrapper\" onclick=\"\">\n\n                <a href=\"https:\/\/studiojardimarciarosa.com.br\/wp-content\/uploads\/2021\/03\/Desenho-a-pincel-e-aquarela.100x114cm-2016_.jpg\"\n                   data-lightbox-type=\"pretty_photo\"\n                   rel=\"prettyPhoto[gallery_6]\"\n                   title=\"\"\n                   data-item-type=\"image\"\n                   data-index=\"4\"\n                   data-total-items=\"7\"\n                   >\n                    <img decoding=\"async\" src=\"https:\/\/studiojardimarciarosa.com.br\/wp-content\/uploads\/2021\/03\/Desenho-a-pincel-e-aquarela.100x114cm-2016_.jpg\" alt=\"Desenho a pincel e aquarela.100x114cm, 2016_\"\/>\n                <\/a>\n                <div class=\"eg-mask\">\n                    <div class=\"eg-inner-wrapper\">\n                        <div class=\"eg-content-holder\">\r\n            <div class=\"eg-button-holder\">\r\n                            <a href=\"javascript:void(0);\" class=\"eg-zoom\"><i class=\"fa fa-search\" aria-hidden=\"true\"><\/i><\/a>\r\n                                <\/div>\r\n                <span class=\"eg-title eg-main-title\">Desenho a pincel e aquarela.100x114cm, 2016_<\/span>\r\n                <div class=\"eg-caption\">\r\n                            <span class=\"eg-title\" style=\"display:none\">Desenho a pincel e aquarela.100x114cm, 2016_<\/span>\r\n                        \r\n                <p><\/p>\r\n                    <\/div>\r\n        <\/div>                    <\/div>\n                    <span class=\"add\" style=\"display: none\">\n                        <i class=\"fa fa-plus\"><\/i>\n                    <\/span>\n                                            <div class=\"eg-caption-holder\" style=\"display: none\">\n                                                            <span class=\"eg-title\">Desenho a pincel e aquarela.100x114cm, 2016_<\/span>\n                                                                                        <p><\/p>\n                                                    <\/div>\n                                    <\/div>\n                <div class=\"slider-overlay\"><\/div>\n                            <\/div>\n                            <div class=\"eg-slider-caption eg-filmstrip-caption\">\n                                            <span class=\"eg-title\" style=\"display:none\">Desenho a pincel e aquarela.100x114cm, 2016_<\/span>\n                                                <p><\/p>\n                                    <\/div>\n                    <\/div>\n        <!---Blog Layout -->\n<\/div>\n                <div class=\"eg-each-item eg-overlay-layout-1 \" data-eg-item-key=\"eg_item_uRyQIIqfC9EkRHP\">\n    \n\n            <div class=\"eg-masonary-padding\">\n            <div class=\"eg-overlay-wrapper\" onclick=\"\">\n\n                <a href=\"https:\/\/studiojardimarciarosa.com.br\/wp-content\/uploads\/2021\/03\/Desenho-de-observacao.-Aquarela-00X141cm-2017-Uma-das-partes-que-fica-separada.jpg\"\n                   data-lightbox-type=\"pretty_photo\"\n                   rel=\"prettyPhoto[gallery_6]\"\n                   title=\"\"\n                   data-item-type=\"image\"\n                   data-index=\"5\"\n                   data-total-items=\"7\"\n                   >\n                    <img decoding=\"async\" src=\"https:\/\/studiojardimarciarosa.com.br\/wp-content\/uploads\/2021\/03\/Desenho-de-observacao.-Aquarela-00X141cm-2017-Uma-das-partes-que-fica-separada.jpg\" alt=\"Desenho de observa\u00e7\u00e3o. Aquarela, 00X141cm, 2017 (Uma das partes - que fica separada)\"\/>\n                <\/a>\n                <div class=\"eg-mask\">\n                    <div class=\"eg-inner-wrapper\">\n                        <div class=\"eg-content-holder\">\r\n            <div class=\"eg-button-holder\">\r\n                            <a href=\"javascript:void(0);\" class=\"eg-zoom\"><i class=\"fa fa-search\" aria-hidden=\"true\"><\/i><\/a>\r\n                                <\/div>\r\n                <span class=\"eg-title eg-main-title\">Desenho de observa\u00e7\u00e3o. Aquarela, 00X141cm, 2017 (Uma das partes &#8211; que fica separada)<\/span>\r\n                <div class=\"eg-caption\">\r\n                            <span class=\"eg-title\" style=\"display:none\">Desenho de observa\u00e7\u00e3o. Aquarela, 00X141cm, 2017 (Uma das partes &#8211; que fica separada)<\/span>\r\n                        \r\n                <p><\/p>\r\n                    <\/div>\r\n        <\/div>                    <\/div>\n                    <span class=\"add\" style=\"display: none\">\n                        <i class=\"fa fa-plus\"><\/i>\n                    <\/span>\n                                            <div class=\"eg-caption-holder\" style=\"display: none\">\n                                                            <span class=\"eg-title\">Desenho de observa\u00e7\u00e3o. Aquarela, 00X141cm, 2017 (Uma das partes &#8211; que fica separada)<\/span>\n                                                                                        <p><\/p>\n                                                    <\/div>\n                                    <\/div>\n                <div class=\"slider-overlay\"><\/div>\n                            <\/div>\n                            <div class=\"eg-slider-caption eg-filmstrip-caption\">\n                                            <span class=\"eg-title\" style=\"display:none\">Desenho de observa\u00e7\u00e3o. Aquarela, 00X141cm, 2017 (Uma das partes &#8211; que fica separada)<\/span>\n                                                <p><\/p>\n                                    <\/div>\n                    <\/div>\n        <!---Blog Layout -->\n<\/div>\n                <div class=\"eg-each-item eg-overlay-layout-1 \" data-eg-item-key=\"eg_item_cSyquC0T4ShowO5\">\n    \n\n            <div class=\"eg-masonary-padding\">\n            <div class=\"eg-overlay-wrapper\" onclick=\"\">\n\n                <a href=\"https:\/\/studiojardimarciarosa.com.br\/wp-content\/uploads\/2021\/03\/Estudos-desenho-com-pincel-e-aquarela-59x84-cm_.jpg\"\n                   data-lightbox-type=\"pretty_photo\"\n                   rel=\"prettyPhoto[gallery_6]\"\n                   title=\"\"\n                   data-item-type=\"image\"\n                   data-index=\"6\"\n                   data-total-items=\"7\"\n                   >\n                    <img decoding=\"async\" src=\"https:\/\/studiojardimarciarosa.com.br\/wp-content\/uploads\/2021\/03\/Estudos-desenho-com-pincel-e-aquarela-59x84-cm_.jpg\" alt=\"Estudos desenho com pincel e aquarela, 59x84 cm_\"\/>\n                <\/a>\n                <div class=\"eg-mask\">\n                    <div class=\"eg-inner-wrapper\">\n                        <div class=\"eg-content-holder\">\r\n            <div class=\"eg-button-holder\">\r\n                            <a href=\"javascript:void(0);\" class=\"eg-zoom\"><i class=\"fa fa-search\" aria-hidden=\"true\"><\/i><\/a>\r\n                                <\/div>\r\n                <span class=\"eg-title eg-main-title\">Estudos desenho com pincel e aquarela, 59&#215;84 cm_<\/span>\r\n                <div class=\"eg-caption\">\r\n                            <span class=\"eg-title\" style=\"display:none\">Estudos desenho com pincel e aquarela, 59&#215;84 cm_<\/span>\r\n                        \r\n                <p><\/p>\r\n                    <\/div>\r\n        <\/div>                    <\/div>\n                    <span class=\"add\" style=\"display: none\">\n                        <i class=\"fa fa-plus\"><\/i>\n                    <\/span>\n                                            <div class=\"eg-caption-holder\" style=\"display: none\">\n                                                            <span class=\"eg-title\">Estudos desenho com pincel e aquarela, 59&#215;84 cm_<\/span>\n                                                                                        <p><\/p>\n                                                    <\/div>\n                                    <\/div>\n                <div class=\"slider-overlay\"><\/div>\n                            <\/div>\n                            <div class=\"eg-slider-caption eg-filmstrip-caption\">\n                                            <span class=\"eg-title\" style=\"display:none\">Estudos desenho com pincel e aquarela, 59&#215;84 cm_<\/span>\n                                                <p><\/p>\n                                    <\/div>\n                    <\/div>\n        <!---Blog Layout -->\n<\/div>\n                <div class=\"eg-each-item eg-overlay-layout-1 \" data-eg-item-key=\"eg_item_bLTZpK0K4idsqO6\">\n    \n\n            <div class=\"eg-masonary-padding\">\n            <div class=\"eg-overlay-wrapper\" onclick=\"\">\n\n                <a href=\"https:\/\/studiojardimarciarosa.com.br\/wp-content\/uploads\/2021\/03\/Sem-titulo-Tecnica-Washi-e-papel-japonese-pastel-Seco-Tamanho-76X56-cm_-scaled.jpg\"\n                   data-lightbox-type=\"pretty_photo\"\n                   rel=\"prettyPhoto[gallery_6]\"\n                   title=\"\"\n                   data-item-type=\"image\"\n                   data-index=\"7\"\n                   data-total-items=\"7\"\n                   >\n                    <img decoding=\"async\" src=\"https:\/\/studiojardimarciarosa.com.br\/wp-content\/uploads\/2021\/03\/Sem-titulo-Tecnica-Washi-e-papel-japonese-pastel-Seco-Tamanho-76X56-cm_-scaled.jpg\" alt=\"Sem t\u00edtulo-T\u00e9cnica Washi-\u00ea (papel japon\u00eas)e pastel Seco-Tamanho 76X56 cm_\"\/>\n                <\/a>\n                <div class=\"eg-mask\">\n                    <div class=\"eg-inner-wrapper\">\n                        <div class=\"eg-content-holder\">\r\n            <div class=\"eg-button-holder\">\r\n                            <a href=\"javascript:void(0);\" class=\"eg-zoom\"><i class=\"fa fa-search\" aria-hidden=\"true\"><\/i><\/a>\r\n                                <\/div>\r\n                <span class=\"eg-title eg-main-title\">Sem t\u00edtulo-T\u00e9cnica Washi-\u00ea (papel japon\u00eas)e pastel Seco-Tamanho 76X56 cm_<\/span>\r\n                <div class=\"eg-caption\">\r\n                            <span class=\"eg-title\" style=\"display:none\">Sem t\u00edtulo-T\u00e9cnica Washi-\u00ea (papel japon\u00eas)e pastel Seco-Tamanho 76X56 cm_<\/span>\r\n                        \r\n                <p><\/p>\r\n                    <\/div>\r\n        <\/div>                    <\/div>\n                    <span class=\"add\" style=\"display: none\">\n                        <i class=\"fa fa-plus\"><\/i>\n                    <\/span>\n                                            <div class=\"eg-caption-holder\" style=\"display: none\">\n                                                            <span class=\"eg-title\">Sem t\u00edtulo-T\u00e9cnica Washi-\u00ea (papel japon\u00eas)e pastel Seco-Tamanho 76X56 cm_<\/span>\n                                                                                        <p><\/p>\n                                                    <\/div>\n                                    <\/div>\n                <div class=\"slider-overlay\"><\/div>\n                            <\/div>\n                            <div class=\"eg-slider-caption eg-filmstrip-caption\">\n                                            <span class=\"eg-title\" style=\"display:none\">Sem t\u00edtulo-T\u00e9cnica Washi-\u00ea (papel japon\u00eas)e pastel Seco-Tamanho 76X56 cm_<\/span>\n                                                <p><\/p>\n                                    <\/div>\n                    <\/div>\n        <!---Blog Layout -->\n<\/div>\n                        <\/div>\n        \n<\/div>\n\n\n            <style>\r\n            <\/style>\r\n            \t\t\t\t\t\t\t\t<\/div>\n\t\t\t\t<\/div>\n\t\t\t\t\t<\/div>\n\t\t<\/div>\n\t\t\t\t\t<\/div>\n\t\t<\/section>\n\t\t\t\t<\/div>\n\t\t","protected":false},"excerpt":{"rendered":"","protected":false},"author":1,"featured_media":0,"parent":0,"menu_order":0,"comment_status":"closed","ping_status":"closed","template":"","meta":{"_joinchat":[],"footnotes":""},"class_list":["post-546","page","type-page","status-publish","hentry"],"blocksy_meta":[],"_links":{"self":[{"href":"https:\/\/studiojardimarciarosa.com.br\/index.php\/wp-json\/wp\/v2\/pages\/546","targetHints":{"allow":["GET"]}}],"collection":[{"href":"https:\/\/studiojardimarciarosa.com.br\/index.php\/wp-json\/wp\/v2\/pages"}],"about":[{"href":"https:\/\/studiojardimarciarosa.com.br\/index.php\/wp-json\/wp\/v2\/types\/page"}],"author":[{"embeddable":true,"href":"https:\/\/studiojardimarciarosa.com.br\/index.php\/wp-json\/wp\/v2\/users\/1"}],"replies":[{"embeddable":true,"href":"https:\/\/studiojardimarciarosa.com.br\/index.php\/wp-json\/wp\/v2\/comments?post=546"}],"version-history":[{"count":13,"href":"https:\/\/studiojardimarciarosa.com.br\/index.php\/wp-json\/wp\/v2\/pages\/546\/revisions"}],"predecessor-version":[{"id":24514,"href":"https:\/\/studiojardimarciarosa.com.br\/index.php\/wp-json\/wp\/v2\/pages\/546\/revisions\/24514"}],"wp:attachment":[{"href":"https:\/\/studiojardimarciarosa.com.br\/index.php\/wp-json\/wp\/v2\/media?parent=546"}],"curies":[{"name":"wp","href":"https:\/\/api.w.org\/{rel}","templated":true}]}}