{"id":31,"date":"2020-04-13T11:18:52","date_gmt":"2020-04-13T14:18:52","guid":{"rendered":"https:\/\/studiojardimarciarosa.com.br\/new\/index.php\/about\/"},"modified":"2023-07-18T20:50:35","modified_gmt":"2023-07-18T23:50:35","slug":"quem-sou","status":"publish","type":"page","link":"https:\/\/studiojardimarciarosa.com.br\/index.php\/quem-sou\/","title":{"rendered":"Quem Sou"},"content":{"rendered":"\t\t<div data-elementor-type=\"wp-page\" data-elementor-id=\"31\" class=\"elementor elementor-31\" data-elementor-post-type=\"page\">\n\t\t\t\t\t\t<section class=\"elementor-section elementor-top-section elementor-element elementor-element-40177ae0 elementor-section-boxed elementor-section-height-default elementor-section-height-default\" data-id=\"40177ae0\" data-element_type=\"section\">\n\t\t\t\t\t\t<div class=\"elementor-container elementor-column-gap-no\">\n\t\t\t\t\t<div class=\"elementor-column elementor-col-50 elementor-top-column elementor-element elementor-element-2828f573\" data-id=\"2828f573\" data-element_type=\"column\">\n\t\t\t<div class=\"elementor-widget-wrap elementor-element-populated\">\n\t\t\t\t\t\t<div class=\"elementor-element elementor-element-110095a elementor-widget elementor-widget-image\" data-id=\"110095a\" data-element_type=\"widget\" data-widget_type=\"image.default\">\n\t\t\t\t<div class=\"elementor-widget-container\">\n\t\t\t\t\t\t\t\t\t\t\t\t\t\t\t<img fetchpriority=\"high\" decoding=\"async\" width=\"440\" height=\"440\" src=\"https:\/\/studiojardimarciarosa.com.br\/wp-content\/uploads\/2023\/07\/Marcia.jpg\" class=\"attachment-large size-large wp-image-24485\" alt=\"\" srcset=\"https:\/\/studiojardimarciarosa.com.br\/wp-content\/uploads\/2023\/07\/Marcia.jpg 440w, https:\/\/studiojardimarciarosa.com.br\/wp-content\/uploads\/2023\/07\/Marcia-300x300.jpg 300w, https:\/\/studiojardimarciarosa.com.br\/wp-content\/uploads\/2023\/07\/Marcia-150x150.jpg 150w\" sizes=\"(max-width: 440px) 100vw, 440px\" \/>\t\t\t\t\t\t\t\t\t\t\t\t\t\t\t<\/div>\n\t\t\t\t<\/div>\n\t\t\t\t\t<\/div>\n\t\t<\/div>\n\t\t\t\t<div class=\"elementor-column elementor-col-50 elementor-top-column elementor-element elementor-element-48096891\" data-id=\"48096891\" data-element_type=\"column\">\n\t\t\t<div class=\"elementor-widget-wrap elementor-element-populated\">\n\t\t\t\t\t\t<div class=\"elementor-element elementor-element-68afc23b elementor-widget elementor-widget-heading\" data-id=\"68afc23b\" data-element_type=\"widget\" data-widget_type=\"heading.default\">\n\t\t\t\t<div class=\"elementor-widget-container\">\n\t\t\t\t\t<h2 class=\"elementor-heading-title elementor-size-default\">Sobre a Artista<\/h2>\t\t\t\t<\/div>\n\t\t\t\t<\/div>\n\t\t\t\t<div class=\"elementor-element elementor-element-02beb81 elementor-widget elementor-widget-text-editor\" data-id=\"02beb81\" data-element_type=\"widget\" data-widget_type=\"text-editor.default\">\n\t\t\t\t<div class=\"elementor-widget-container\">\n\t\t\t\t\t\t\t\t\tCursa especializa\u00e7\u00e3o em pr\u00e1ticas curatoriais na UFRGS, onde fez a gradua\u00e7\u00e3o em artes. Doutorado em artes visuais pela UNICAMP. Mestre em Artes Visuais pela Faculdade Santa Marcelina (FASM). Especialista em Fotografia e Novas M\u00eddias pela Universidade Feevale &#8211; Novo Hamburgo-RS. Cinema pela Universidade do Rio do Sinos (UNISINOS). Pela 10\u00ba vez consecutiva, artista convidada a participar da 10th INTERNATIONAL PRINTMAKING BIENNIAL DOURO 2020. Exposi\u00e7\u00e3o Synchronies em Paris, na Association Graver Maintenant.\t\t\t\t\t\t\t\t<\/div>\n\t\t\t\t<\/div>\n\t\t\t\t<div class=\"elementor-element elementor-element-44ce5982 elementor-widget elementor-widget-text-editor\" data-id=\"44ce5982\" data-element_type=\"widget\" data-widget_type=\"text-editor.default\">\n\t\t\t\t<div class=\"elementor-widget-container\">\n\t\t\t\t\t\t\t\t\t\n<blockquote class=\"border\">\u201cSua po\u00e9tica centra-se na reflex\u00e3o do tempo, ciclos da vida. No mestrado constatou que elementos da natureza como as flores s\u00e3o pessoas. \u201d<\/blockquote>\t\t\t\t\t\t\t\t<\/div>\n\t\t\t\t<\/div>\n\t\t\t\t<div class=\"elementor-element elementor-element-e56ab06 elementor-widget elementor-widget-text-editor\" data-id=\"e56ab06\" data-element_type=\"widget\" data-widget_type=\"text-editor.default\">\n\t\t\t\t<div class=\"elementor-widget-container\">\n\t\t\t\t\t\t\t\t\tNo grupo de pesquisas arte, ci\u00eancia e natureza aprofunda o estudo da natureza, sua forma de organiza\u00e7\u00e3o, como as plantas, como fonte de inspira\u00e7\u00e3o para o viver humano em comunidade.\t\t\t\t\t\t\t\t<\/div>\n\t\t\t\t<\/div>\n\t\t\t\t\t<\/div>\n\t\t<\/div>\n\t\t\t\t\t<\/div>\n\t\t<\/section>\n\t\t\t\t<\/div>\n\t\t","protected":false},"excerpt":{"rendered":"<p>Sobre a Artista Cursa especializa\u00e7\u00e3o em pr\u00e1ticas curatoriais na UFRGS, onde fez a gradua\u00e7\u00e3o em artes. Doutorado em artes visuais pela UNICAMP. Mestre em Artes Visuais pela Faculdade Santa Marcelina (FASM). Especialista em Fotografia e Novas M\u00eddias pela Universidade Feevale &#8211; Novo Hamburgo-RS. Cinema pela Universidade do Rio do Sinos (UNISINOS). Pela 10\u00ba vez consecutiva, [&hellip;]<\/p>\n","protected":false},"author":1,"featured_media":0,"parent":0,"menu_order":0,"comment_status":"closed","ping_status":"closed","template":"","meta":{"_joinchat":[],"footnotes":""},"class_list":["post-31","page","type-page","status-publish","hentry"],"blocksy_meta":[],"_links":{"self":[{"href":"https:\/\/studiojardimarciarosa.com.br\/index.php\/wp-json\/wp\/v2\/pages\/31","targetHints":{"allow":["GET"]}}],"collection":[{"href":"https:\/\/studiojardimarciarosa.com.br\/index.php\/wp-json\/wp\/v2\/pages"}],"about":[{"href":"https:\/\/studiojardimarciarosa.com.br\/index.php\/wp-json\/wp\/v2\/types\/page"}],"author":[{"embeddable":true,"href":"https:\/\/studiojardimarciarosa.com.br\/index.php\/wp-json\/wp\/v2\/users\/1"}],"replies":[{"embeddable":true,"href":"https:\/\/studiojardimarciarosa.com.br\/index.php\/wp-json\/wp\/v2\/comments?post=31"}],"version-history":[{"count":15,"href":"https:\/\/studiojardimarciarosa.com.br\/index.php\/wp-json\/wp\/v2\/pages\/31\/revisions"}],"predecessor-version":[{"id":24652,"href":"https:\/\/studiojardimarciarosa.com.br\/index.php\/wp-json\/wp\/v2\/pages\/31\/revisions\/24652"}],"wp:attachment":[{"href":"https:\/\/studiojardimarciarosa.com.br\/index.php\/wp-json\/wp\/v2\/media?parent=31"}],"curies":[{"name":"wp","href":"https:\/\/api.w.org\/{rel}","templated":true}]}}